{"id":211,"date":"2024-01-18T17:26:23","date_gmt":"2024-01-18T16:26:23","guid":{"rendered":"https:\/\/atelier-rosealor.fr\/?page_id=211"},"modified":"2024-10-17T19:54:28","modified_gmt":"2024-10-17T17:54:28","slug":"quelques-travaux","status":"publish","type":"page","link":"https:\/\/atelier-rosealor.fr\/?page_id=211","title":{"rendered":"Quelques travaux"},"content":{"rendered":"\n<p><\/p>\n\n\n\n<div class=\"wp-block-columns is-layout-flex wp-container-core-columns-is-layout-28f84493 wp-block-columns-is-layout-flex\">\n<div class=\"wp-block-column is-layout-flow wp-block-column-is-layout-flow\" style=\"flex-basis:100%\">\n<div class=\"wp-block-group is-layout-constrained wp-block-group-is-layout-constrained\">\n<div id=\"wp-block-themeisle-blocks-slider-6977bf29\" class=\"wp-block-themeisle-blocks-slider glide\" data-per-view=\"1\" data-gap=\"0\" data-peek=\"0\" data-autoplay=\"4000\" data-height=\"700px\" data-hide-arrows=\"false\"><div class=\"glide__track\" data-glide-el=\"track\"><div class=\"glide__slides\"><div class=\"wp-block-themeisle-blocks-slider-item-wrapper glide__slide\" tabindex=\"0\"><figure><img decoding=\"async\" class=\"wp-block-themeisle-blocks-slider-item\" src=\"https:\/\/atelier-rosealor.fr\/wp-content\/uploads\/2024\/01\/329429297_1152148122111615_8010238418505822769_n.jpg\" alt=\"\" title=\"\" data-id=\"231\"\/><\/figure><\/div><div class=\"wp-block-themeisle-blocks-slider-item-wrapper glide__slide\" tabindex=\"0\"><figure><img decoding=\"async\" class=\"wp-block-themeisle-blocks-slider-item\" src=\"https:\/\/atelier-rosealor.fr\/wp-content\/uploads\/2024\/10\/vitrailrestaur2-scaled.jpg\" alt=\"\" title=\"\" data-id=\"284\"\/><\/figure><\/div><div class=\"wp-block-themeisle-blocks-slider-item-wrapper glide__slide\" tabindex=\"0\"><figure><img decoding=\"async\" class=\"wp-block-themeisle-blocks-slider-item\" src=\"https:\/\/atelier-rosealor.fr\/wp-content\/uploads\/2024\/01\/353479146_1279645162638956_2389348788175003215_n.jpg\" alt=\"\" title=\"\" data-id=\"233\"\/><\/figure><\/div><div class=\"wp-block-themeisle-blocks-slider-item-wrapper glide__slide\" tabindex=\"0\"><figure><img decoding=\"async\" class=\"wp-block-themeisle-blocks-slider-item\" src=\"https:\/\/atelier-rosealor.fr\/wp-content\/uploads\/2023\/12\/vitrail-001-02.jpg\" alt=\"cr\u00e9ation vitrail geom\u00e9trique\" title=\"cr\u00e9ation vitrail geom\u00e9trique\" data-id=\"23\"\/><\/figure><\/div><div class=\"wp-block-themeisle-blocks-slider-item-wrapper glide__slide\" tabindex=\"0\"><figure><img decoding=\"async\" class=\"wp-block-themeisle-blocks-slider-item\" src=\"https:\/\/atelier-rosealor.fr\/wp-content\/uploads\/2024\/01\/324937805_532547335520453_6846887796972091467_n.jpg\" alt=\"\" title=\"\" data-id=\"230\"\/><\/figure><\/div><div class=\"wp-block-themeisle-blocks-slider-item-wrapper glide__slide\" tabindex=\"0\"><figure><img decoding=\"async\" class=\"wp-block-themeisle-blocks-slider-item\" src=\"https:\/\/atelier-rosealor.fr\/wp-content\/uploads\/2024\/01\/mort02-scaled.jpg\" alt=\"\" title=\"\" data-id=\"61\"\/><\/figure><\/div><div class=\"wp-block-themeisle-blocks-slider-item-wrapper glide__slide\" tabindex=\"0\"><figure><img decoding=\"async\" class=\"wp-block-themeisle-blocks-slider-item\" src=\"https:\/\/atelier-rosealor.fr\/wp-content\/uploads\/2024\/10\/vitrailrestaur-scaled.jpg\" alt=\"restauration de vitraux\" title=\"restauration de vitraux\" data-id=\"283\"\/><\/figure><\/div><div class=\"wp-block-themeisle-blocks-slider-item-wrapper glide__slide\" tabindex=\"0\"><figure><img decoding=\"async\" class=\"wp-block-themeisle-blocks-slider-item\" src=\"https:\/\/atelier-rosealor.fr\/wp-content\/uploads\/2024\/01\/333072295_497481505932610_2225039046726336686_n.jpg\" alt=\"\" title=\"\" data-id=\"232\"\/><\/figure><\/div><div class=\"wp-block-themeisle-blocks-slider-item-wrapper glide__slide\" tabindex=\"0\"><figure><img decoding=\"async\" class=\"wp-block-themeisle-blocks-slider-item\" src=\"https:\/\/atelier-rosealor.fr\/wp-content\/uploads\/2024\/01\/314740157_511415747549340_6013139937027470966_n-1.jpg\" alt=\"\" title=\"\" data-id=\"223\"\/><\/figure><\/div><div class=\"wp-block-themeisle-blocks-slider-item-wrapper glide__slide\" tabindex=\"0\"><figure><img decoding=\"async\" class=\"wp-block-themeisle-blocks-slider-item\" src=\"https:\/\/atelier-rosealor.fr\/wp-content\/uploads\/2024\/01\/miroir-lp.webp\" alt=\"\" title=\"\" data-id=\"226\"\/><\/figure><\/div><div class=\"wp-block-themeisle-blocks-slider-item-wrapper glide__slide\" tabindex=\"0\"><figure><img decoding=\"async\" class=\"wp-block-themeisle-blocks-slider-item\" src=\"https:\/\/atelier-rosealor.fr\/wp-content\/uploads\/2024\/01\/317133901_197837679394435_8522637416703593528_n.jpg\" alt=\"\" title=\"\" data-id=\"229\"\/><\/figure><\/div><div class=\"wp-block-themeisle-blocks-slider-item-wrapper glide__slide\" tabindex=\"0\"><figure><img decoding=\"async\" class=\"wp-block-themeisle-blocks-slider-item\" src=\"https:\/\/atelier-rosealor.fr\/wp-content\/uploads\/2024\/01\/315764977_453826630244709_6777484300421953108_n-1.jpg\" alt=\"\" title=\"\" data-id=\"224\"\/><\/figure><\/div><div class=\"wp-block-themeisle-blocks-slider-item-wrapper glide__slide\" tabindex=\"0\"><figure><img decoding=\"async\" class=\"wp-block-themeisle-blocks-slider-item\" src=\"https:\/\/atelier-rosealor.fr\/wp-content\/uploads\/2024\/01\/grotesque.webp\" alt=\"\" title=\"\" data-id=\"225\"\/><\/figure><\/div><div class=\"wp-block-themeisle-blocks-slider-item-wrapper glide__slide\" tabindex=\"0\"><figure><img decoding=\"async\" class=\"wp-block-themeisle-blocks-slider-item\" src=\"https:\/\/atelier-rosealor.fr\/wp-content\/uploads\/2024\/01\/131257715_3532469273473032_4437320369707682576_n.jpg\" alt=\"\" title=\"\" data-id=\"219\"\/><\/figure><\/div><div class=\"wp-block-themeisle-blocks-slider-item-wrapper glide__slide\" tabindex=\"0\"><figure><img decoding=\"async\" class=\"wp-block-themeisle-blocks-slider-item\" src=\"https:\/\/atelier-rosealor.fr\/wp-content\/uploads\/2024\/01\/118165965_191838165675202_2008708289138157158_n.jpg\" alt=\"\" title=\"\" data-id=\"217\"\/><\/figure><\/div><div class=\"wp-block-themeisle-blocks-slider-item-wrapper glide__slide\" tabindex=\"0\"><figure><img decoding=\"async\" class=\"wp-block-themeisle-blocks-slider-item\" src=\"https:\/\/atelier-rosealor.fr\/wp-content\/uploads\/2024\/01\/130917066_1930681493740167_7611296934523671296_n.jpg\" alt=\"\" title=\"\" data-id=\"218\"\/><\/figure><\/div><div class=\"wp-block-themeisle-blocks-slider-item-wrapper glide__slide\" tabindex=\"0\"><figure><img decoding=\"async\" class=\"wp-block-themeisle-blocks-slider-item\" src=\"https:\/\/atelier-rosealor.fr\/wp-content\/uploads\/2024\/01\/sacrecoeur02-scaled.jpg\" alt=\"\" title=\"\" data-id=\"64\"\/><\/figure><\/div><div class=\"wp-block-themeisle-blocks-slider-item-wrapper glide__slide\" tabindex=\"0\"><figure><img decoding=\"async\" class=\"wp-block-themeisle-blocks-slider-item\" src=\"https:\/\/atelier-rosealor.fr\/wp-content\/uploads\/2024\/01\/loup01-1-edited-1.jpg\" alt=\"\" title=\"\" data-id=\"95\"\/><\/figure><\/div><div class=\"wp-block-themeisle-blocks-slider-item-wrapper glide__slide\" tabindex=\"0\"><figure><img decoding=\"async\" class=\"wp-block-themeisle-blocks-slider-item\" src=\"https:\/\/atelier-rosealor.fr\/wp-content\/uploads\/2024\/01\/quichotte02-scaled.jpg\" alt=\"\" title=\"\" data-id=\"65\"\/><\/figure><\/div><div class=\"wp-block-themeisle-blocks-slider-item-wrapper glide__slide\" tabindex=\"0\"><figure><img decoding=\"async\" class=\"wp-block-themeisle-blocks-slider-item\" src=\"https:\/\/atelier-rosealor.fr\/wp-content\/uploads\/2024\/01\/242404275_972010266864633_6287163989915486048_n.jpg\" alt=\"\" title=\"\" data-id=\"222\"\/><\/figure><\/div><div class=\"wp-block-themeisle-blocks-slider-item-wrapper glide__slide\" tabindex=\"0\"><figure><img decoding=\"async\" class=\"wp-block-themeisle-blocks-slider-item\" src=\"https:\/\/atelier-rosealor.fr\/wp-content\/uploads\/2024\/10\/IMG-20241017-WA0001.jpg\" alt=\"restauration vitraux\" title=\"restauration vitraux\" data-id=\"293\"\/><\/figure><\/div><\/div><div class=\"glide__bullets\" data-glide-el=\"controls[nav]\"><button class=\"glide__bullet\" data-glide-dir=\"=0\"><\/button><button class=\"glide__bullet\" data-glide-dir=\"=1\"><\/button><button class=\"glide__bullet\" data-glide-dir=\"=2\"><\/button><button class=\"glide__bullet\" data-glide-dir=\"=3\"><\/button><button class=\"glide__bullet\" data-glide-dir=\"=4\"><\/button><button class=\"glide__bullet\" data-glide-dir=\"=5\"><\/button><button class=\"glide__bullet\" data-glide-dir=\"=6\"><\/button><button class=\"glide__bullet\" data-glide-dir=\"=7\"><\/button><button class=\"glide__bullet\" data-glide-dir=\"=8\"><\/button><button class=\"glide__bullet\" data-glide-dir=\"=9\"><\/button><button class=\"glide__bullet\" data-glide-dir=\"=10\"><\/button><button class=\"glide__bullet\" data-glide-dir=\"=11\"><\/button><button class=\"glide__bullet\" data-glide-dir=\"=12\"><\/button><button class=\"glide__bullet\" data-glide-dir=\"=13\"><\/button><button class=\"glide__bullet\" data-glide-dir=\"=14\"><\/button><button class=\"glide__bullet\" data-glide-dir=\"=15\"><\/button><button class=\"glide__bullet\" data-glide-dir=\"=16\"><\/button><button class=\"glide__bullet\" data-glide-dir=\"=17\"><\/button><button class=\"glide__bullet\" data-glide-dir=\"=18\"><\/button><button class=\"glide__bullet\" data-glide-dir=\"=19\"><\/button><button class=\"glide__bullet\" data-glide-dir=\"=20\"><\/button><\/div><\/div><\/div>\n<\/div>\n<\/div>\n<\/div>\n\n\n\n<p>Pr\u00e9sentation de vitraux r\u00e9alis\u00e9s \u00e0 l&rsquo;atelier Rose \u00e0 l&rsquo;or par Renaud Gasnier. M\u00e9lange de petite restauration, changement de verres sur vitraux anciens, cr\u00e9ations de vitraux, de rondels et de miroirs notamment. <\/p>\n\n\n\n<p>Devis sur simple demande pour vos projets de vitrail en Bretagne et ailleurs !<\/p>\n\n\n\n<p>06 60 45 02 73<\/p>\n","protected":false},"excerpt":{"rendered":"<p>Pr\u00e9sentation de vitraux r\u00e9alis\u00e9s \u00e0 l&rsquo;atelier Rose \u00e0 l&rsquo;or par Renaud Gasnier. M\u00e9lange de petite restauration, changement de verres sur vitraux anciens, cr\u00e9ations de vitraux, de rondels et de miroirs notamment. Devis sur simple demande pour vos projets de vitrail en Bretagne et ailleurs ! 06 60 45 02 73<\/p>\n","protected":false},"author":1,"featured_media":0,"parent":0,"menu_order":0,"comment_status":"closed","ping_status":"closed","template":"","meta":{"om_disable_all_campaigns":false,"_monsterinsights_skip_tracking":false,"_monsterinsights_sitenote_active":false,"_monsterinsights_sitenote_note":"","_monsterinsights_sitenote_category":0,"_uf_show_specific_survey":0,"_uf_disable_surveys":false,"_themeisle_gutenberg_block_has_review":false,"footnotes":""},"class_list":["post-211","page","type-page","status-publish","hentry"],"aioseo_notices":[],"_links":{"self":[{"href":"https:\/\/atelier-rosealor.fr\/index.php?rest_route=\/wp\/v2\/pages\/211","targetHints":{"allow":["GET"]}}],"collection":[{"href":"https:\/\/atelier-rosealor.fr\/index.php?rest_route=\/wp\/v2\/pages"}],"about":[{"href":"https:\/\/atelier-rosealor.fr\/index.php?rest_route=\/wp\/v2\/types\/page"}],"author":[{"embeddable":true,"href":"https:\/\/atelier-rosealor.fr\/index.php?rest_route=\/wp\/v2\/users\/1"}],"replies":[{"embeddable":true,"href":"https:\/\/atelier-rosealor.fr\/index.php?rest_route=%2Fwp%2Fv2%2Fcomments&post=211"}],"version-history":[{"count":12,"href":"https:\/\/atelier-rosealor.fr\/index.php?rest_route=\/wp\/v2\/pages\/211\/revisions"}],"predecessor-version":[{"id":307,"href":"https:\/\/atelier-rosealor.fr\/index.php?rest_route=\/wp\/v2\/pages\/211\/revisions\/307"}],"wp:attachment":[{"href":"https:\/\/atelier-rosealor.fr\/index.php?rest_route=%2Fwp%2Fv2%2Fmedia&parent=211"}],"curies":[{"name":"wp","href":"https:\/\/api.w.org\/{rel}","templated":true}]}}