{"id":287,"date":"2024-10-17T19:02:32","date_gmt":"2024-10-17T17:02:32","guid":{"rendered":"https:\/\/atelier-rosealor.fr\/?page_id=287"},"modified":"2024-10-17T19:02:32","modified_gmt":"2024-10-17T17:02:32","slug":"bestiaire-medieval","status":"publish","type":"page","link":"https:\/\/atelier-rosealor.fr\/?page_id=287","title":{"rendered":"Bestiaire m\u00e9di\u00e9val"},"content":{"rendered":"\n<p>Le bestiaire m\u00e9di\u00e9val d&rsquo;Aberdeen, conserv\u00e9 \u00e0 la biblioth\u00e8que de l&rsquo;Universit\u00e9 d&rsquo;Aberdeen en Ecosse, est un manuscrit exceptionnel datant du d\u00e9but XIIIe si\u00e8cle, souvent consid\u00e9r\u00e9 comme l&rsquo;un des plus importants de son genre. Cet ouvrage illustre une collection d&rsquo;animaux r\u00e9els et mythiques, chacun associ\u00e9 \u00e0 des descriptions d\u00e9taill\u00e9es et \u00e0 des le\u00e7ons chr\u00e9tiennes, spirituelles. Le bestiaire offre de magnifiques enluminures et illustrations, source d&rsquo;inspiration \u00e0 ma pratique. <\/p>\n\n\n\n<p>Il est un aper\u00e7u des croyances et des symbolismes du moyen-\u00e2ge, m\u00ealant r\u00e9alit\u00e9 et fantastique. On y d\u00e9couvre une vision naturaliste du monde \u00e0 cette \u00e9poque, des animaux extraordinaires tr\u00e8s bien d\u00e9crits et dont l&rsquo;illustration prend souvent une bonne partie de la page. En explorant le bestiaire d&rsquo;Aberdeen, on d\u00e9couvre un miroir des aspirations et des peurs de la soci\u00e9t\u00e9 m\u00e9di\u00e9vale. A regarder <a href=\"https:\/\/atelier-rosealor.fr\" target=\"_blank\">ici <\/a>!<\/p>\n\n\n\n<p>C&rsquo;est dans ce tr\u00e9sor artistique que j&rsquo;ai souhait\u00e9 me plonger afin d&rsquo;en cr\u00e9er des pi\u00e8ces de vitrail peintes \u00e0 la mani\u00e8re des moines copistes m\u00e9di\u00e9vaux. S\u00e9rie en cours de production, d&rsquo;autres \u00e0 venir !<\/p>\n\n\n\n<div class=\"wp-block-group is-vertical is-layout-flex wp-container-core-group-is-layout-fe9cc265 wp-block-group-is-layout-flex\">\n<figure class=\"wp-block-gallery has-nested-images columns-default is-cropped wp-block-gallery-1 is-layout-flex wp-block-gallery-is-layout-flex\">\n<figure class=\"wp-block-image size-large\"><img loading=\"lazy\" decoding=\"async\" width=\"1024\" height=\"768\" data-id=\"290\" src=\"https:\/\/atelier-rosealor.fr\/wp-content\/uploads\/2024\/10\/IMG-20241017-WA0009-1024x768.jpg\" alt=\"\" class=\"wp-image-290\" srcset=\"https:\/\/atelier-rosealor.fr\/wp-content\/uploads\/2024\/10\/IMG-20241017-WA0009-1024x768.jpg 1024w, https:\/\/atelier-rosealor.fr\/wp-content\/uploads\/2024\/10\/IMG-20241017-WA0009-600x450.jpg 600w, https:\/\/atelier-rosealor.fr\/wp-content\/uploads\/2024\/10\/IMG-20241017-WA0009-300x225.jpg 300w, https:\/\/atelier-rosealor.fr\/wp-content\/uploads\/2024\/10\/IMG-20241017-WA0009-768x576.jpg 768w, https:\/\/atelier-rosealor.fr\/wp-content\/uploads\/2024\/10\/IMG-20241017-WA0009-1536x1152.jpg 1536w, https:\/\/atelier-rosealor.fr\/wp-content\/uploads\/2024\/10\/IMG-20241017-WA0009.jpg 1600w\" sizes=\"auto, (max-width: 1024px) 100vw, 1024px\" \/><figcaption class=\"wp-element-caption\">Dragon, cr\u00e9ature chim\u00e9rique<\/figcaption><\/figure>\n\n\n\n<figure class=\"wp-block-image size-large\"><img loading=\"lazy\" decoding=\"async\" width=\"820\" height=\"1024\" data-id=\"224\" src=\"https:\/\/atelier-rosealor.fr\/wp-content\/uploads\/2024\/01\/315764977_453826630244709_6777484300421953108_n-1-820x1024.jpg\" alt=\"\" class=\"wp-image-224\" srcset=\"https:\/\/atelier-rosealor.fr\/wp-content\/uploads\/2024\/01\/315764977_453826630244709_6777484300421953108_n-1-820x1024.jpg 820w, https:\/\/atelier-rosealor.fr\/wp-content\/uploads\/2024\/01\/315764977_453826630244709_6777484300421953108_n-1-600x750.jpg 600w, https:\/\/atelier-rosealor.fr\/wp-content\/uploads\/2024\/01\/315764977_453826630244709_6777484300421953108_n-1-240x300.jpg 240w, https:\/\/atelier-rosealor.fr\/wp-content\/uploads\/2024\/01\/315764977_453826630244709_6777484300421953108_n-1-768x959.jpg 768w, https:\/\/atelier-rosealor.fr\/wp-content\/uploads\/2024\/01\/315764977_453826630244709_6777484300421953108_n-1-1229x1536.jpg 1229w, https:\/\/atelier-rosealor.fr\/wp-content\/uploads\/2024\/01\/315764977_453826630244709_6777484300421953108_n-1.jpg 1440w\" sizes=\"auto, (max-width: 820px) 100vw, 820px\" \/><figcaption class=\"wp-element-caption\">Chouette en vitrerie<\/figcaption><\/figure>\n\n\n\n<figure class=\"wp-block-image size-large\"><img loading=\"lazy\" decoding=\"async\" width=\"1002\" height=\"1024\" data-id=\"200\" src=\"https:\/\/atelier-rosealor.fr\/wp-content\/uploads\/2024\/01\/loup_bergerie-1002x1024.jpg\" alt=\"un loup dans la bergerie\" class=\"wp-image-200\" srcset=\"https:\/\/atelier-rosealor.fr\/wp-content\/uploads\/2024\/01\/loup_bergerie-1002x1024.jpg 1002w, https:\/\/atelier-rosealor.fr\/wp-content\/uploads\/2024\/01\/loup_bergerie-600x613.jpg 600w, https:\/\/atelier-rosealor.fr\/wp-content\/uploads\/2024\/01\/loup_bergerie-294x300.jpg 294w, https:\/\/atelier-rosealor.fr\/wp-content\/uploads\/2024\/01\/loup_bergerie-768x785.jpg 768w, https:\/\/atelier-rosealor.fr\/wp-content\/uploads\/2024\/01\/loup_bergerie.jpg 1140w\" sizes=\"auto, (max-width: 1002px) 100vw, 1002px\" \/><figcaption class=\"wp-element-caption\">Les loups dans la bergerie<\/figcaption><\/figure>\n\n\n\n<figure class=\"wp-block-image size-large\"><img loading=\"lazy\" decoding=\"async\" width=\"1024\" height=\"1024\" data-id=\"289\" src=\"https:\/\/atelier-rosealor.fr\/wp-content\/uploads\/2024\/10\/IMG-20241017-WA0000-1024x1024.jpg\" alt=\"viperes du moyen age\" class=\"wp-image-289\" srcset=\"https:\/\/atelier-rosealor.fr\/wp-content\/uploads\/2024\/10\/IMG-20241017-WA0000-1024x1024.jpg 1024w, https:\/\/atelier-rosealor.fr\/wp-content\/uploads\/2024\/10\/IMG-20241017-WA0000-300x300.jpg 300w, https:\/\/atelier-rosealor.fr\/wp-content\/uploads\/2024\/10\/IMG-20241017-WA0000-100x100.jpg 100w, https:\/\/atelier-rosealor.fr\/wp-content\/uploads\/2024\/10\/IMG-20241017-WA0000-600x600.jpg 600w, https:\/\/atelier-rosealor.fr\/wp-content\/uploads\/2024\/10\/IMG-20241017-WA0000-150x150.jpg 150w, https:\/\/atelier-rosealor.fr\/wp-content\/uploads\/2024\/10\/IMG-20241017-WA0000-768x768.jpg 768w, https:\/\/atelier-rosealor.fr\/wp-content\/uploads\/2024\/10\/IMG-20241017-WA0000-1536x1536.jpg 1536w, https:\/\/atelier-rosealor.fr\/wp-content\/uploads\/2024\/10\/IMG-20241017-WA0000.jpg 1600w\" sizes=\"auto, (max-width: 1024px) 100vw, 1024px\" \/><figcaption class=\"wp-element-caption\">La reproduction des Vip\u00e8res<\/figcaption><\/figure>\n<\/figure>\n<\/div>\n","protected":false},"excerpt":{"rendered":"<p>Le bestiaire m\u00e9di\u00e9val d&rsquo;Aberdeen, conserv\u00e9 \u00e0 la biblioth\u00e8que de l&rsquo;Universit\u00e9 d&rsquo;Aberdeen en Ecosse, est un manuscrit exceptionnel datant du d\u00e9but XIIIe si\u00e8cle, souvent consid\u00e9r\u00e9 comme l&rsquo;un des plus importants de son genre. Cet ouvrage illustre une collection d&rsquo;animaux r\u00e9els et mythiques, chacun associ\u00e9 \u00e0 des descriptions d\u00e9taill\u00e9es et \u00e0 des le\u00e7ons chr\u00e9tiennes, spirituelles. Le bestiaire [&hellip;]<\/p>\n","protected":false},"author":1,"featured_media":0,"parent":0,"menu_order":0,"comment_status":"closed","ping_status":"closed","template":"","meta":{"om_disable_all_campaigns":false,"_monsterinsights_skip_tracking":false,"_monsterinsights_sitenote_active":false,"_monsterinsights_sitenote_note":"","_monsterinsights_sitenote_category":0,"_uf_show_specific_survey":0,"_uf_disable_surveys":false,"_themeisle_gutenberg_block_has_review":false,"footnotes":""},"class_list":["post-287","page","type-page","status-publish","hentry"],"aioseo_notices":[],"_links":{"self":[{"href":"https:\/\/atelier-rosealor.fr\/index.php?rest_route=\/wp\/v2\/pages\/287","targetHints":{"allow":["GET"]}}],"collection":[{"href":"https:\/\/atelier-rosealor.fr\/index.php?rest_route=\/wp\/v2\/pages"}],"about":[{"href":"https:\/\/atelier-rosealor.fr\/index.php?rest_route=\/wp\/v2\/types\/page"}],"author":[{"embeddable":true,"href":"https:\/\/atelier-rosealor.fr\/index.php?rest_route=\/wp\/v2\/users\/1"}],"replies":[{"embeddable":true,"href":"https:\/\/atelier-rosealor.fr\/index.php?rest_route=%2Fwp%2Fv2%2Fcomments&post=287"}],"version-history":[{"count":3,"href":"https:\/\/atelier-rosealor.fr\/index.php?rest_route=\/wp\/v2\/pages\/287\/revisions"}],"predecessor-version":[{"id":297,"href":"https:\/\/atelier-rosealor.fr\/index.php?rest_route=\/wp\/v2\/pages\/287\/revisions\/297"}],"wp:attachment":[{"href":"https:\/\/atelier-rosealor.fr\/index.php?rest_route=%2Fwp%2Fv2%2Fmedia&parent=287"}],"curies":[{"name":"wp","href":"https:\/\/api.w.org\/{rel}","templated":true}]}}