{"id":430,"date":"2025-12-02T15:48:55","date_gmt":"2025-12-02T14:48:55","guid":{"rendered":"https:\/\/atelier-rosealor.fr\/?page_id=430"},"modified":"2025-12-02T15:48:59","modified_gmt":"2025-12-02T14:48:59","slug":"mentions-legales","status":"publish","type":"page","link":"https:\/\/atelier-rosealor.fr\/?page_id=430","title":{"rendered":"Mentions l\u00e9gales"},"content":{"rendered":"\n<p><strong>\u00c9diteur du site<\/strong><br>Renaud Gasnier \u2013 Artisan vitrailliste<br>4 le Champ Drouet 35630 Saint-Brieuc-des-Iffs<br>Atelier de cr\u00e9ation artistique relevant des arts plastiques<br>SIRET :\u00a0<strong>889 085 478 00010<\/strong><\/p>\n\n\n\n<p><br>Email : renaud.gasnier@gmail.com<br>T\u00e9l\u00e9phone : 06 60 45 02 73<br>Responsable de la publication : Renaud Gasnier<\/p>\n\n\n\n<p><strong>H\u00e9bergeur<\/strong><br>Hostinger International Ltd.<br>61 Lordou Vironos Street<br>6023 Larnaca<br>Chypre<\/p>\n\n\n\n<p><strong>Propri\u00e9t\u00e9 intellectuelle<\/strong><br>Tous les contenus (textes, images, cr\u00e9ations) sont la propri\u00e9t\u00e9 de Renaud Gasnier et ne peuvent \u00eatre utilis\u00e9s sans autorisation.<\/p>\n\n\n\n<p><strong>Donn\u00e9es personnelles<\/strong><br>Les donn\u00e9es collect\u00e9es (formulaire, commande) sont utilis\u00e9es uniquement pour le traitement des demandes. Conform\u00e9ment \u00e0 la loi, vous pouvez demander leur suppression \u00e0 : renaud.gasnier@gmail.com. <\/p>\n\n\n\n<hr class=\"wp-block-separator has-alpha-channel-opacity\"\/>\n","protected":false},"excerpt":{"rendered":"<p>\u00c9diteur du siteRenaud Gasnier \u2013 Artisan vitrailliste4 le Champ Drouet 35630 Saint-Brieuc-des-IffsAtelier de cr\u00e9ation artistique relevant des arts plastiquesSIRET :\u00a0889 085 478 00010 Email : renaud.gasnier@gmail.comT\u00e9l\u00e9phone : 06 60 45 02 73Responsable de la publication : Renaud Gasnier H\u00e9bergeurHostinger International Ltd.61 Lordou Vironos Street6023 LarnacaChypre Propri\u00e9t\u00e9 intellectuelleTous les contenus (textes, images, cr\u00e9ations) sont la propri\u00e9t\u00e9 [&hellip;]<\/p>\n","protected":false},"author":1,"featured_media":0,"parent":0,"menu_order":0,"comment_status":"closed","ping_status":"closed","template":"","meta":{"om_disable_all_campaigns":false,"_monsterinsights_skip_tracking":false,"_monsterinsights_sitenote_active":false,"_monsterinsights_sitenote_note":"","_monsterinsights_sitenote_category":0,"_uf_show_specific_survey":0,"_uf_disable_surveys":false,"_themeisle_gutenberg_block_has_review":false,"footnotes":""},"class_list":["post-430","page","type-page","status-publish","hentry"],"aioseo_notices":[],"_links":{"self":[{"href":"https:\/\/atelier-rosealor.fr\/index.php?rest_route=\/wp\/v2\/pages\/430","targetHints":{"allow":["GET"]}}],"collection":[{"href":"https:\/\/atelier-rosealor.fr\/index.php?rest_route=\/wp\/v2\/pages"}],"about":[{"href":"https:\/\/atelier-rosealor.fr\/index.php?rest_route=\/wp\/v2\/types\/page"}],"author":[{"embeddable":true,"href":"https:\/\/atelier-rosealor.fr\/index.php?rest_route=\/wp\/v2\/users\/1"}],"replies":[{"embeddable":true,"href":"https:\/\/atelier-rosealor.fr\/index.php?rest_route=%2Fwp%2Fv2%2Fcomments&post=430"}],"version-history":[{"count":1,"href":"https:\/\/atelier-rosealor.fr\/index.php?rest_route=\/wp\/v2\/pages\/430\/revisions"}],"predecessor-version":[{"id":431,"href":"https:\/\/atelier-rosealor.fr\/index.php?rest_route=\/wp\/v2\/pages\/430\/revisions\/431"}],"wp:attachment":[{"href":"https:\/\/atelier-rosealor.fr\/index.php?rest_route=%2Fwp%2Fv2%2Fmedia&parent=430"}],"curies":[{"name":"wp","href":"https:\/\/api.w.org\/{rel}","templated":true}]}}