{"id":363,"date":"2025-11-20T19:19:13","date_gmt":"2025-11-20T18:19:13","guid":{"rendered":"https:\/\/atelier-rosealor.fr\/?post_type=product&#038;p=363"},"modified":"2025-12-05T10:26:47","modified_gmt":"2025-12-05T09:26:47","slug":"stage-de-vitrail-35","status":"publish","type":"product","link":"https:\/\/atelier-rosealor.fr\/?product=stage-de-vitrail-35","title":{"rendered":"carte cadeau"},"content":{"rendered":"<p data-start=\"767\" data-end=\"1189\">Ce stage d\u2019initiation dit \u00ab au projet \u00bb permet de cr\u00e9er son propre vitrail, de l\u2019id\u00e9e \u00e0 la r\u00e9alisation dans un format d&rsquo;environ 20&#215;20 cm. Que l\u2019on d\u00e9bute compl\u00e8tement ou que l\u2019on se sente d\u00e9j\u00e0 \u00e0 l\u2019aise avec ses mains, chacun avance \u00e0 son rythme. Pendant les deux s\u00e9ances, un accompagnement personnalis\u00e9 permet de d\u00e9finir le projet puis de passer \u00e0 la pratique : maquette, choix des verres de l\u2019atelier, chemin de plomb, grisailles\u2026<\/p>\n<p data-start=\"767\" data-end=\"1189\">Tout le mat\u00e9riel est fourni, \u00e0 l\u2019exception d\u2019une paire de gants de bricolage \u00e0 pr\u00e9voir.<\/p>\n<p data-start=\"767\" data-end=\"1189\">Un moment cr\u00e9atif et bienveillant, pour vivre l\u2019exp\u00e9rience du vitrail traditionnel au c\u0153ur de la Bretagne pr\u00e8s de Rennes.<\/p>\n","protected":false},"excerpt":{"rendered":"<p>Offrez un moment de cr\u00e9ation unique avec la carte cadeau Atelier Rose \u00e0 l\u2019or ! Elle comprend <strong>2 s\u00e9ances <\/strong>de stage de vitrail traditionnel, pour apprendre et r\u00e9aliser un petit projet personnalis\u00e9. Une exp\u00e9rience cr\u00e9ative, accessible \u00e0 tous, en Ille-et-Vilaine.<\/p>\n","protected":false},"featured_media":364,"template":"","meta":{"om_disable_all_campaigns":false,"_monsterinsights_skip_tracking":false,"_monsterinsights_sitenote_active":false,"_monsterinsights_sitenote_note":"","_monsterinsights_sitenote_category":0,"_uf_show_specific_survey":0,"_uf_disable_surveys":false,"_themeisle_gutenberg_block_has_review":false},"product_brand":[],"product_cat":[25],"product_tag":[],"class_list":{"0":"post-363","1":"product","2":"type-product","3":"status-publish","4":"has-post-thumbnail","6":"product_cat-stage-vitrail","8":"first","9":"instock","10":"shipping-taxable","11":"purchasable","12":"product-type-simple"},"aioseo_notices":[],"_links":{"self":[{"href":"https:\/\/atelier-rosealor.fr\/index.php?rest_route=\/wp\/v2\/product\/363","targetHints":{"allow":["GET"]}}],"collection":[{"href":"https:\/\/atelier-rosealor.fr\/index.php?rest_route=\/wp\/v2\/product"}],"about":[{"href":"https:\/\/atelier-rosealor.fr\/index.php?rest_route=\/wp\/v2\/types\/product"}],"wp:featuredmedia":[{"embeddable":true,"href":"https:\/\/atelier-rosealor.fr\/index.php?rest_route=\/wp\/v2\/media\/364"}],"wp:attachment":[{"href":"https:\/\/atelier-rosealor.fr\/index.php?rest_route=%2Fwp%2Fv2%2Fmedia&parent=363"}],"wp:term":[{"taxonomy":"product_brand","embeddable":true,"href":"https:\/\/atelier-rosealor.fr\/index.php?rest_route=%2Fwp%2Fv2%2Fproduct_brand&post=363"},{"taxonomy":"product_cat","embeddable":true,"href":"https:\/\/atelier-rosealor.fr\/index.php?rest_route=%2Fwp%2Fv2%2Fproduct_cat&post=363"},{"taxonomy":"product_tag","embeddable":true,"href":"https:\/\/atelier-rosealor.fr\/index.php?rest_route=%2Fwp%2Fv2%2Fproduct_tag&post=363"}],"curies":[{"name":"wp","href":"https:\/\/api.w.org\/{rel}","templated":true}]}}