{"id":397,"date":"2025-11-25T13:05:00","date_gmt":"2025-11-25T12:05:00","guid":{"rendered":"https:\/\/atelier-rosealor.fr\/?post_type=product&#038;p=397"},"modified":"2025-11-25T15:28:07","modified_gmt":"2025-11-25T14:28:07","slug":"boucles-doreille-abstraites","status":"publish","type":"product","link":"https:\/\/atelier-rosealor.fr\/?product=boucles-doreille-abstraites","title":{"rendered":"Boucles d&rsquo;oreilles Grisaille"},"content":{"rendered":"<p>Ces boucles sont n\u00e9es de l&rsquo;envie de vitrail traditionnel associ\u00e9 \u00e0 l&rsquo;art du bijou. Elles sont en argent 925 pour le confort au port\u00e9.<\/p>\n<p>Chaque pi\u00e8ce est r\u00e9alis\u00e9e \u00e0 partir d&rsquo;un fragment de vitrail en grisaille puis plac\u00e9 dans un cabochon de 14 mm.<\/p>\n<p>Vous recevrez une des paires pr\u00e9sent\u00e9es en photo, n&rsquo;h\u00e9sitez pas \u00e0 me contacter pour d&rsquo;autres images au besoin.<\/p>\n<p>L\u00e9g\u00e8res, lumineuses et fa\u00e7onn\u00e9es enti\u00e8rement \u00e0 la main, chaque paire devient une pi\u00e8ce unique issue de l\u2019atelier.<\/p>\n","protected":false},"excerpt":{"rendered":"<p>Boucles d\u2019oreilles en verre de vitrail, mont\u00e9es sur dormeuses en argent 925. Une cr\u00e9ation artisanale, \u00e9l\u00e9gante et intemporelle.<\/p>\n","protected":false},"featured_media":375,"template":"","meta":{"om_disable_all_campaigns":false,"_monsterinsights_skip_tracking":false,"_monsterinsights_sitenote_active":false,"_monsterinsights_sitenote_note":"","_monsterinsights_sitenote_category":0,"_uf_show_specific_survey":0,"_uf_disable_surveys":false,"_themeisle_gutenberg_block_has_review":false},"product_brand":[],"product_cat":[29],"product_tag":[],"class_list":{"0":"post-397","1":"product","2":"type-product","3":"status-publish","4":"has-post-thumbnail","6":"product_cat-bijoux-verre-vitrail","8":"first","9":"instock","10":"shipping-taxable","11":"purchasable","12":"product-type-simple"},"aioseo_notices":[],"_links":{"self":[{"href":"https:\/\/atelier-rosealor.fr\/index.php?rest_route=\/wp\/v2\/product\/397","targetHints":{"allow":["GET"]}}],"collection":[{"href":"https:\/\/atelier-rosealor.fr\/index.php?rest_route=\/wp\/v2\/product"}],"about":[{"href":"https:\/\/atelier-rosealor.fr\/index.php?rest_route=\/wp\/v2\/types\/product"}],"wp:featuredmedia":[{"embeddable":true,"href":"https:\/\/atelier-rosealor.fr\/index.php?rest_route=\/wp\/v2\/media\/375"}],"wp:attachment":[{"href":"https:\/\/atelier-rosealor.fr\/index.php?rest_route=%2Fwp%2Fv2%2Fmedia&parent=397"}],"wp:term":[{"taxonomy":"product_brand","embeddable":true,"href":"https:\/\/atelier-rosealor.fr\/index.php?rest_route=%2Fwp%2Fv2%2Fproduct_brand&post=397"},{"taxonomy":"product_cat","embeddable":true,"href":"https:\/\/atelier-rosealor.fr\/index.php?rest_route=%2Fwp%2Fv2%2Fproduct_cat&post=397"},{"taxonomy":"product_tag","embeddable":true,"href":"https:\/\/atelier-rosealor.fr\/index.php?rest_route=%2Fwp%2Fv2%2Fproduct_tag&post=397"}],"curies":[{"name":"wp","href":"https:\/\/api.w.org\/{rel}","templated":true}]}}