{"id":399,"date":"2025-11-25T14:31:01","date_gmt":"2025-11-25T13:31:01","guid":{"rendered":"https:\/\/atelier-rosealor.fr\/?post_type=product&#038;p=399"},"modified":"2025-12-04T15:24:15","modified_gmt":"2025-12-04T14:24:15","slug":"bagues-grisaille","status":"publish","type":"product","link":"https:\/\/atelier-rosealor.fr\/?product=bagues-grisaille","title":{"rendered":"Bagues grisaille"},"content":{"rendered":"<p>Cette bague est r\u00e9alis\u00e9e avec une pi\u00e8ce de verre issue du vitrail traditionnel peint \u00e0 la grisaille. Coup\u00e9e puis polie pour r\u00e9v\u00e9ler ses d\u00e9tails.<br data-start=\"1725\" data-end=\"1728\" \/>Elle est en argent 925. R\u00e9glable.<\/p>\n<p>Chaque bague est cr\u00e9\u00e9e \u00e0 l\u2019atelier, ce qui en fait une pi\u00e8ce unique.<\/p>\n","protected":false},"excerpt":{"rendered":"<p>Bague en argent 925, sertie d\u2019une petite pi\u00e8ce de verre de vitrail peint \u00e0 la grisaille. Verre, diam\u00e8tre 8mm.<\/p>\n","protected":false},"featured_media":376,"template":"","meta":{"om_disable_all_campaigns":false,"_monsterinsights_skip_tracking":false,"_monsterinsights_sitenote_active":false,"_monsterinsights_sitenote_note":"","_monsterinsights_sitenote_category":0,"_uf_show_specific_survey":0,"_uf_disable_surveys":false,"_themeisle_gutenberg_block_has_review":false},"product_brand":[],"product_cat":[29],"product_tag":[],"class_list":{"0":"post-399","1":"product","2":"type-product","3":"status-publish","4":"has-post-thumbnail","6":"product_cat-bijoux-verre-vitrail","8":"first","9":"instock","10":"shipping-taxable","11":"purchasable","12":"product-type-simple"},"aioseo_notices":[],"_links":{"self":[{"href":"https:\/\/atelier-rosealor.fr\/index.php?rest_route=\/wp\/v2\/product\/399","targetHints":{"allow":["GET"]}}],"collection":[{"href":"https:\/\/atelier-rosealor.fr\/index.php?rest_route=\/wp\/v2\/product"}],"about":[{"href":"https:\/\/atelier-rosealor.fr\/index.php?rest_route=\/wp\/v2\/types\/product"}],"wp:featuredmedia":[{"embeddable":true,"href":"https:\/\/atelier-rosealor.fr\/index.php?rest_route=\/wp\/v2\/media\/376"}],"wp:attachment":[{"href":"https:\/\/atelier-rosealor.fr\/index.php?rest_route=%2Fwp%2Fv2%2Fmedia&parent=399"}],"wp:term":[{"taxonomy":"product_brand","embeddable":true,"href":"https:\/\/atelier-rosealor.fr\/index.php?rest_route=%2Fwp%2Fv2%2Fproduct_brand&post=399"},{"taxonomy":"product_cat","embeddable":true,"href":"https:\/\/atelier-rosealor.fr\/index.php?rest_route=%2Fwp%2Fv2%2Fproduct_cat&post=399"},{"taxonomy":"product_tag","embeddable":true,"href":"https:\/\/atelier-rosealor.fr\/index.php?rest_route=%2Fwp%2Fv2%2Fproduct_tag&post=399"}],"curies":[{"name":"wp","href":"https:\/\/api.w.org\/{rel}","templated":true}]}}