{"id":400,"date":"2025-11-25T14:43:58","date_gmt":"2025-11-25T13:43:58","guid":{"rendered":"https:\/\/atelier-rosealor.fr\/?post_type=product&#038;p=400"},"modified":"2025-11-25T15:36:23","modified_gmt":"2025-11-25T14:36:23","slug":"bagues-mini","status":"publish","type":"product","link":"https:\/\/atelier-rosealor.fr\/?product=bagues-mini","title":{"rendered":"Bagues Mini"},"content":{"rendered":"<p>Cette bague en argent 925 accueille une perle de verre de 4 mm, r\u00e9alis\u00e9e \u00e0 partir des chutes de vitrail de l\u2019atelier. Chaque \u00e9clat est fondu puis mis en forme pour devenir une petite perle unique, aux nuances h\u00e9rit\u00e9es du verre d\u2019origine.<br data-start=\"621\" data-end=\"624\" \/>La monture r\u00e9glable permet une adaptation confortable \u00e0 toutes les mains.<\/p>\n<p>Contactez-moi si vous souhaitez une couleur pr\u00e9cise.<\/p>\n<p>Un bijou simple, lumineux, et enti\u00e8rement fa\u00e7onn\u00e9 \u00e0 la main. Collection sp\u00e9ciale Deuxi\u00e8me service !<\/p>\n","protected":false},"excerpt":{"rendered":"<p>Bague en argent 925 orn\u00e9e d\u2019une petite perle de verre de 4 mm, fa\u00e7onn\u00e9e \u00e0 partir des chutes de verre de l\u2019atelier de vitrail. Monture r\u00e9glable.<\/p>\n","protected":false},"featured_media":385,"template":"","meta":{"om_disable_all_campaigns":false,"_monsterinsights_skip_tracking":false,"_monsterinsights_sitenote_active":false,"_monsterinsights_sitenote_note":"","_monsterinsights_sitenote_category":0,"_uf_show_specific_survey":0,"_uf_disable_surveys":false,"_themeisle_gutenberg_block_has_review":false},"product_brand":[],"product_cat":[30],"product_tag":[],"class_list":{"0":"post-400","1":"product","2":"type-product","3":"status-publish","4":"has-post-thumbnail","6":"product_cat-bijoux-verre","8":"first","9":"instock","10":"shipping-taxable","11":"purchasable","12":"product-type-simple"},"aioseo_notices":[],"_links":{"self":[{"href":"https:\/\/atelier-rosealor.fr\/index.php?rest_route=\/wp\/v2\/product\/400","targetHints":{"allow":["GET"]}}],"collection":[{"href":"https:\/\/atelier-rosealor.fr\/index.php?rest_route=\/wp\/v2\/product"}],"about":[{"href":"https:\/\/atelier-rosealor.fr\/index.php?rest_route=\/wp\/v2\/types\/product"}],"wp:featuredmedia":[{"embeddable":true,"href":"https:\/\/atelier-rosealor.fr\/index.php?rest_route=\/wp\/v2\/media\/385"}],"wp:attachment":[{"href":"https:\/\/atelier-rosealor.fr\/index.php?rest_route=%2Fwp%2Fv2%2Fmedia&parent=400"}],"wp:term":[{"taxonomy":"product_brand","embeddable":true,"href":"https:\/\/atelier-rosealor.fr\/index.php?rest_route=%2Fwp%2Fv2%2Fproduct_brand&post=400"},{"taxonomy":"product_cat","embeddable":true,"href":"https:\/\/atelier-rosealor.fr\/index.php?rest_route=%2Fwp%2Fv2%2Fproduct_cat&post=400"},{"taxonomy":"product_tag","embeddable":true,"href":"https:\/\/atelier-rosealor.fr\/index.php?rest_route=%2Fwp%2Fv2%2Fproduct_tag&post=400"}],"curies":[{"name":"wp","href":"https:\/\/api.w.org\/{rel}","templated":true}]}}