{"id":401,"date":"2025-11-25T14:52:29","date_gmt":"2025-11-25T13:52:29","guid":{"rendered":"https:\/\/atelier-rosealor.fr\/?post_type=product&#038;p=401"},"modified":"2025-11-25T15:29:51","modified_gmt":"2025-11-25T14:29:51","slug":"bracelets-2eme-service","status":"publish","type":"product","link":"https:\/\/atelier-rosealor.fr\/?product=bracelets-2eme-service","title":{"rendered":"Bracelets Couleur"},"content":{"rendered":"<p data-start=\"419\" data-end=\"673\">Ce bracelet en argent 925 met en valeur une perle de verre de 8 mm, provenant de chutes de vitrail de l\u2019atelier. Chaque perle est fondue et s\u00e9lectionn\u00e9e pour ses nuances, sa singularit\u00e9.<\/p>\n<p data-start=\"675\" data-end=\"911\">Mont\u00e9 sur une cha\u00eene de 17 cm.<\/p>\n<p data-start=\"675\" data-end=\"911\">Me contacter pour choisir votre couleur.<\/p>\n<p data-start=\"675\" data-end=\"911\">Un bijou issu de la collection Deuxi\u00e8me service.<\/p>\n","protected":false},"excerpt":{"rendered":"<p>Bracelet en argent 925, orn\u00e9 d\u2019une perle de verre de 8 mm r\u00e9alis\u00e9e \u00e0 partir des chutes de vitrail de l\u2019atelier.<br data-start=\"311\" data-end=\"314\" \/>Un bijou lumineux et unique, longueur 17 cm.<\/p>\n","protected":false},"featured_media":387,"template":"","meta":{"om_disable_all_campaigns":false,"_monsterinsights_skip_tracking":false,"_monsterinsights_sitenote_active":false,"_monsterinsights_sitenote_note":"","_monsterinsights_sitenote_category":0,"_uf_show_specific_survey":0,"_uf_disable_surveys":false,"_themeisle_gutenberg_block_has_review":false},"product_brand":[],"product_cat":[30],"product_tag":[],"class_list":{"0":"post-401","1":"product","2":"type-product","3":"status-publish","4":"has-post-thumbnail","6":"product_cat-bijoux-verre","8":"first","9":"instock","10":"shipping-taxable","11":"purchasable","12":"product-type-simple"},"aioseo_notices":[],"_links":{"self":[{"href":"https:\/\/atelier-rosealor.fr\/index.php?rest_route=\/wp\/v2\/product\/401","targetHints":{"allow":["GET"]}}],"collection":[{"href":"https:\/\/atelier-rosealor.fr\/index.php?rest_route=\/wp\/v2\/product"}],"about":[{"href":"https:\/\/atelier-rosealor.fr\/index.php?rest_route=\/wp\/v2\/types\/product"}],"wp:featuredmedia":[{"embeddable":true,"href":"https:\/\/atelier-rosealor.fr\/index.php?rest_route=\/wp\/v2\/media\/387"}],"wp:attachment":[{"href":"https:\/\/atelier-rosealor.fr\/index.php?rest_route=%2Fwp%2Fv2%2Fmedia&parent=401"}],"wp:term":[{"taxonomy":"product_brand","embeddable":true,"href":"https:\/\/atelier-rosealor.fr\/index.php?rest_route=%2Fwp%2Fv2%2Fproduct_brand&post=401"},{"taxonomy":"product_cat","embeddable":true,"href":"https:\/\/atelier-rosealor.fr\/index.php?rest_route=%2Fwp%2Fv2%2Fproduct_cat&post=401"},{"taxonomy":"product_tag","embeddable":true,"href":"https:\/\/atelier-rosealor.fr\/index.php?rest_route=%2Fwp%2Fv2%2Fproduct_tag&post=401"}],"curies":[{"name":"wp","href":"https:\/\/api.w.org\/{rel}","templated":true}]}}