{"id":462,"date":"2026-01-29T13:25:38","date_gmt":"2026-01-29T12:25:38","guid":{"rendered":"https:\/\/atelier-rosealor.fr\/?post_type=product&#038;p=462"},"modified":"2026-01-29T18:59:15","modified_gmt":"2026-01-29T17:59:15","slug":"vitrail-agneau-13-14%e1%b5%89-siecle","status":"publish","type":"product","link":"https:\/\/atelier-rosealor.fr\/?product=vitrail-agneau-13-14%e1%b5%89-siecle","title":{"rendered":"Vitrail agneau 13-14\u1d49 si\u00e8cle"},"content":{"rendered":"<p data-start=\"837\" data-end=\"884\">Dimensions du vitrail : 14,5 cm x 12,5 cm<\/p>\n<p data-start=\"837\" data-end=\"884\">Il est pos\u00e9 sur un support en bois de ch\u00eane type photophore avec emplacement pour 2 bougies chauffe-plat standard.<\/p>\n<p data-start=\"837\" data-end=\"884\">Peinture \u00e0 la grisaille, cuisson au four verrier, l&rsquo;animal est soigneusement travaill\u00e9 pour rappeler l&rsquo;esth\u00e9tique des vitraux gothiques et m\u00e9di\u00e9vaux.<\/p>\n<p data-start=\"484\" data-end=\"760\">\n","protected":false},"excerpt":{"rendered":"<div class=\"wp-block-post-excerpt\">\n<p class=\"wp-block-post-excerpt__excerpt\">Petit vitrail unique repr\u00e9sentant un agneau, une symbolique forte dans l&rsquo;imagier des 13-14\u1d49 si\u00e8cle. Le vitrail est mont\u00e9 sur un photophore en ch\u00eane.<\/p>\n<\/div>\n","protected":false},"featured_media":468,"template":"","meta":{"om_disable_all_campaigns":false,"_monsterinsights_skip_tracking":false,"_monsterinsights_sitenote_active":false,"_monsterinsights_sitenote_note":"","_monsterinsights_sitenote_category":0,"_uf_show_specific_survey":0,"_uf_disable_surveys":false,"_themeisle_gutenberg_block_has_review":false},"product_brand":[],"product_cat":[31],"product_tag":[],"class_list":{"0":"post-462","1":"product","2":"type-product","3":"status-publish","4":"has-post-thumbnail","6":"product_cat-vitrail","8":"first","9":"instock","10":"sold-individually","11":"shipping-taxable","12":"purchasable","13":"product-type-simple"},"aioseo_notices":[],"_links":{"self":[{"href":"https:\/\/atelier-rosealor.fr\/index.php?rest_route=\/wp\/v2\/product\/462","targetHints":{"allow":["GET"]}}],"collection":[{"href":"https:\/\/atelier-rosealor.fr\/index.php?rest_route=\/wp\/v2\/product"}],"about":[{"href":"https:\/\/atelier-rosealor.fr\/index.php?rest_route=\/wp\/v2\/types\/product"}],"wp:featuredmedia":[{"embeddable":true,"href":"https:\/\/atelier-rosealor.fr\/index.php?rest_route=\/wp\/v2\/media\/468"}],"wp:attachment":[{"href":"https:\/\/atelier-rosealor.fr\/index.php?rest_route=%2Fwp%2Fv2%2Fmedia&parent=462"}],"wp:term":[{"taxonomy":"product_brand","embeddable":true,"href":"https:\/\/atelier-rosealor.fr\/index.php?rest_route=%2Fwp%2Fv2%2Fproduct_brand&post=462"},{"taxonomy":"product_cat","embeddable":true,"href":"https:\/\/atelier-rosealor.fr\/index.php?rest_route=%2Fwp%2Fv2%2Fproduct_cat&post=462"},{"taxonomy":"product_tag","embeddable":true,"href":"https:\/\/atelier-rosealor.fr\/index.php?rest_route=%2Fwp%2Fv2%2Fproduct_tag&post=462"}],"curies":[{"name":"wp","href":"https:\/\/api.w.org\/{rel}","templated":true}]}}